{"id":15493,"date":"2025-05-03T23:17:17","date_gmt":"2025-05-03T21:17:17","guid":{"rendered":"https:\/\/htu.at\/?page_id=15493"},"modified":"2025-05-05T09:58:56","modified_gmt":"2025-05-05T07:58:56","slug":"technical-physics","status":"publish","type":"page","link":"https:\/\/htu.at\/en\/elections\/technical-physics\/","title":{"rendered":"Technical Physics"},"content":{"rendered":"\n<h2 class=\"wp-block-heading\">Polling Station<\/h2>\n\n\n\n<h4 class=\"wp-block-heading\">Tuesday 13 May<\/h4>\n\n\n\n<p>9 am to 7 pm <a href=\"https:\/\/maps.tuwien.ac.at\/?q=AAEG18GR\">Main Building in Prechtsaal<\/a> (UK 3)<\/p>\n\n\n\n<h4 class=\"wp-block-heading\">Wednesday 14 May<\/h4>\n\n\n\n<p>9 am to 7 pm <a href=\"https:\/\/maps.tuwien.ac.at\/?q=AAEG18GR\">Main Building in Prechtsaal<\/a> (UK 3)<\/p>\n\n\n\n<h4 class=\"wp-block-heading\">Thursday 15 May<\/h4>\n\n\n\n<p>8 am to 2 pm <a href=\"https:\/\/maps.tuwien.ac.at\/?q=AAEG18GR\">Main Building in Prechtsaal<\/a> (UK 3)<\/p>\n\n\n\n<p>8 am to 2 pm <a href=\"https:\/\/maps.tuwien.ac.at\/?q=DCEGD03\">Freihaus<\/a> (UK 8)<\/p>\n\n\n\n<h2 class=\"wp-block-heading\">Mail-in ballot<\/h2>\n\n\n\n<p>If you cannot make it to a polling station you can request a mail-ballot until <strong>6 May 2025<\/strong>. You can vote for university and federal level representation but not for study level representation.<br>File your request here: <a href=\"https:\/\/wahlportal.oeh.ac.at\/\">https:\/\/wahlportal.oeh.ac.at\/<\/a><\/p>\n\n\n\n<h2 class=\"wp-block-heading\">You can vote for<\/h2>\n\n\n\n<h4 class=\"wp-block-heading\">Study level representation<\/h4>\n\n\n\n<p>You have 5 votes and can give up to one per candidate<\/p>\n\n\n\n<ul class=\"wp-block-list\">\n<li>Olivia G\u00f6tz<\/li>\n\n\n\n<li>Leandra Gr\u00fcnenfelder<\/li>\n\n\n\n<li>Johannes Prisslan<\/li>\n\n\n\n<li>Matthias Reichkendler<\/li>\n\n\n\n<li>Arthur Tesar<\/li>\n<\/ul>\n\n\n\n<h4 class=\"wp-block-heading\">University level representation<\/h4>\n\n\n\n<p>You have one vote<\/p>\n\n\n\n<ul class=\"wp-block-list\">\n<li>FACHSCHAFTSLISTE (FL)<\/li>\n\n\n\n<li>tu*basis (tu*basis)<\/li>\n\n\n\n<li>Verband Sozialistischer Student_innen in \u00d6sterreich (VSSt\u00d6)<\/li>\n\n\n\n<li>Junge liberale Studierende &#8211; JUNOS (JUNOS)<\/li>\n\n\n\n<li>AktionsGemeinschaft TU Wien (AG TU)<\/li>\n\n\n\n<li>Gr\u00fcne &amp; Alternative Student_innen (GRAS)<\/li>\n\n\n\n<li>Kommunistischer Studierendenverband (KJ\u00d6) (KSV-KJ\u00d6)<\/li>\n<\/ul>\n\n\n\n<h4 class=\"wp-block-heading\">Federal level representation<\/h4>\n\n\n\n<p>You have one vote<\/p>\n\n\n\n<ul class=\"wp-block-list\">\n<li>Verband Sozialistischer Student_innen in \u00d6sterreich (VSSt\u00d6)<\/li>\n\n\n\n<li>AktionsGemeinschaft (AG)<\/li>\n\n\n\n<li>Gr\u00fcne &amp; Alternative Student_innen (GRAS)<\/li>\n\n\n\n<li>Junge liberale Studierende &#8211; JUNOS (JUNOS)<\/li>\n\n\n\n<li>Unabh\u00e4ngige Fachschaftslisten \u00d6sterreichs (FL\u00d6)<\/li>\n\n\n\n<li>Kommunistischer Student_innenverband \u2013 Linke Liste (KSV-LiLi)<\/li>\n\n\n\n<li>Kommunistischer Studierendenverband (KJ\u00d6) (KSV-KJ\u00d6)<\/li>\n\n\n\n<li>Who the f*ck is Herbert? (HERBERT)<\/li>\n\n\n\n<li>Ring Freiheitlicher Student (RFS)<\/li>\n\n\n\n<li>f\u00f6lik. \u2013 Eure transparente Studierendenvertretung (f\u00f6lik.)<\/li>\n\n\n\n<li>Revolution\u00e4re Kommunistische Partei \u2013 Studierende an den Hochschulen (RKP)<\/li>\n<\/ul>\n\n\n\n<p><\/p>\n","protected":false},"excerpt":{"rendered":"<p>Polling Station Tuesday 13 May 9 am to 7 pm Main Building in Prechtsaal (UK 3) Wednesday 14 May 9 am to 7 pm Main Building in Prechtsaal (UK 3) Thursday 15 May 8 am to 2 pm Main Building in Prechtsaal (UK 3) 8 am to 2 pm Freihaus (UK 8) Mail-in ballot If [&hellip;]<\/p>\n","protected":false},"featured_media":0,"parent":11528,"menu_order":1,"comment_status":"closed","ping_status":"closed","template":"","meta":{"_acf_changed":false,"_uag_custom_page_level_css":"","site-sidebar-layout":"default","site-content-layout":"","ast-site-content-layout":"default","site-content-style":"default","site-sidebar-style":"default","ast-global-header-display":"","ast-banner-title-visibility":"","ast-main-header-display":"","ast-hfb-above-header-display":"","ast-hfb-below-header-display":"","ast-hfb-mobile-header-display":"","site-post-title":"","ast-breadcrumbs-content":"","ast-featured-img":"","footer-sml-layout":"","ast-disable-related-posts":"","theme-transparent-header-meta":"","adv-header-id-meta":"","stick-header-meta":"","header-above-stick-meta":"","header-main-stick-meta":"","header-below-stick-meta":"","astra-migrate-meta-layouts":"default","ast-page-background-enabled":"default","ast-page-background-meta":{"desktop":{"background-color":"var(--ast-global-color-4)","background-image":"","background-repeat":"repeat","background-position":"center center","background-size":"auto","background-attachment":"scroll","background-type":"","background-media":"","overlay-type":"","overlay-color":"","overlay-opacity":"","overlay-gradient":""},"tablet":{"background-color":"","background-image":"","background-repeat":"repeat","background-position":"center center","background-size":"auto","background-attachment":"scroll","background-type":"","background-media":"","overlay-type":"","overlay-color":"","overlay-opacity":"","overlay-gradient":""},"mobile":{"background-color":"","background-image":"","background-repeat":"repeat","background-position":"center center","background-size":"auto","background-attachment":"scroll","background-type":"","background-media":"","overlay-type":"","overlay-color":"","overlay-opacity":"","overlay-gradient":""}},"ast-content-background-meta":{"desktop":{"background-color":"var(--ast-global-color-5)","background-image":"","background-repeat":"repeat","background-position":"center center","background-size":"auto","background-attachment":"scroll","background-type":"","background-media":"","overlay-type":"","overlay-color":"","overlay-opacity":"","overlay-gradient":""},"tablet":{"background-color":"var(--ast-global-color-5)","background-image":"","background-repeat":"repeat","background-position":"center center","background-size":"auto","background-attachment":"scroll","background-type":"","background-media":"","overlay-type":"","overlay-color":"","overlay-opacity":"","overlay-gradient":""},"mobile":{"background-color":"var(--ast-global-color-5)","background-image":"","background-repeat":"repeat","background-position":"center center","background-size":"auto","background-attachment":"scroll","background-type":"","background-media":"","overlay-type":"","overlay-color":"","overlay-opacity":"","overlay-gradient":""}},"_vp_format_video_url":"","_vp_image_focal_point":[],"footnotes":""},"class_list":["post-15493","page","type-page","status-publish","hentry"],"acf":[],"uagb_featured_image_src":{"full":false,"thumbnail":false,"medium":false,"medium_large":false,"large":false,"1536x1536":false,"2048x2048":false,"vp_sm":false,"vp_md":false,"vp_lg":false,"vp_xl":false,"vp_sm_popup":false,"vp_md_popup":false,"vp_xl_popup":false},"uagb_comment_info":0,"uagb_excerpt":"Polling Station Tuesday 13 May 9 am to 7 pm Main Building in Prechtsaal (UK 3) Wednesday 14 May 9 am to 7 pm Main Building in Prechtsaal (UK 3) Thursday 15 May 8 am to 2 pm Main Building in Prechtsaal (UK 3) 8 am to 2 pm Freihaus (UK 8) Mail-in ballot If&hellip;","_links":{"self":[{"href":"https:\/\/htu.at\/en\/wp-json\/wp\/v2\/pages\/15493","targetHints":{"allow":["GET"]}}],"collection":[{"href":"https:\/\/htu.at\/en\/wp-json\/wp\/v2\/pages"}],"about":[{"href":"https:\/\/htu.at\/en\/wp-json\/wp\/v2\/types\/page"}],"author":[{"embeddable":true,"href":"https:\/\/htu.at\/en\/wp-json\/wp\/v2\/users\/16"}],"replies":[{"embeddable":true,"href":"https:\/\/htu.at\/en\/wp-json\/wp\/v2\/comments?post=15493"}],"version-history":[{"count":2,"href":"https:\/\/htu.at\/en\/wp-json\/wp\/v2\/pages\/15493\/revisions"}],"predecessor-version":[{"id":15574,"href":"https:\/\/htu.at\/en\/wp-json\/wp\/v2\/pages\/15493\/revisions\/15574"}],"up":[{"embeddable":true,"href":"https:\/\/htu.at\/en\/wp-json\/wp\/v2\/pages\/11528"}],"wp:attachment":[{"href":"https:\/\/htu.at\/en\/wp-json\/wp\/v2\/media?parent=15493"}],"curies":[{"name":"wp","href":"https:\/\/api.w.org\/{rel}","templated":true}]}}