{"id":23455,"date":"2024-08-30T19:09:44","date_gmt":"2024-08-30T17:09:44","guid":{"rendered":"https:\/\/htu.at\/funds\/"},"modified":"2026-03-27T15:49:06","modified_gmt":"2026-03-27T14:49:06","slug":"funds","status":"publish","type":"page","link":"https:\/\/htu.at\/en\/funds\/","title":{"rendered":"Funds"},"content":{"rendered":"\n<h2 class=\"wp-block-heading\">Study Success Grant of TU Wien and HTU Wien<\/h2>\n\n<p>All regular students at TU Wien can apply for financial assistance in emergencies and challenging situations (e.g., childcare). The <a href=\"https:\/\/htu.at\/en\/social-affairs-department\/\">Referat f\u00fcr Sozialpolitik<\/a> (Buero for Social Affairs) of HTU handles this matter. (before H\u00e4rtefonds)<\/p>\n\n<p><a href=\"https:\/\/forms.htu.at\/studienerfolgshilfe\">Online Form<\/a> | <a href=\"https:\/\/htu.at\/wp-content\/uploads\/2025_06_Richtlinien_SEH.pdf\">Guidelines<\/a> | <a href=\"mailto:studienerfolgshilfe@htu.at\">Contact<\/a><\/p>\n\n<h2 class=\"wp-block-heading\">Social Fund of the \u00d6H Bundesvertretung (Federal Representation)<\/h2>\n\n<p>All regular students of TU Wien (incl. pre-study program) can apply for financial support in emergencies. TU Wien, HTU Wien, and the BMBWF contribute to this fund. The \u00d6H Federal Representation handles the processing.  <\/p>\n\n<p><a href=\"https:\/\/www.oeh.ac.at\/sozialfonds\">Guidelines and Online Form<\/a><\/p>\n\n<h2 class=\"wp-block-heading\">HTU Reading and STEM Support<\/h2>\n\n<p>All extraordinary and regular students with children can request a reading and STEM support package for their child. This package, sent by mail, includes age-appropriate books, games, and STEM-related experiments. The themes change every semester.   The <a href=\"https:\/\/htu.at\/en\/social-affairs-department\/\">Referat f\u00fcr Sozialpolitik<\/a> (Buero of Social Affairs) of HTU handles this matter. <\/p>\n\n<p><a href=\"https:\/\/forms.htu.at\/webform\/lese_und_mint_forderung\">Online Form<\/a> | <a href=\"https:\/\/htu.at\/wp-content\/uploads\/HTU_Lese-_und_MINT_Foerderung_WS24.pdf\">Guidelines<\/a> | <a href=\"mailto:kinderfonds@htu.at\">Contact<\/a> <\/p>\n\n<h2 class=\"wp-block-heading\">HTU Wien Repair Fund<\/h2>\n\n<p>All registered students at TU Wien can apply for financial support for the repair of everyday items (such as electrical appliances, bicycles, or clothing).<\/p>\n\n<p><a href=\"https:\/\/forms.htu.at\/reparaturfoerdertopf\">Online Form<\/a> | <a href=\"https:\/\/htu.at\/wp-content\/uploads\/Reparaturfoerdertopf-Richtlinien.pdf\">Guidelines<\/a> | <a href=\"https:\/\/htu.at\/fonds\/reparaturfoerdertopf-katalog\/\">Catalog<\/a> | <a href=\"mailto:wiref@htu.at\">Contact<\/a><\/p>\n\n<h2 class=\"wp-block-heading\">HTU Name Change Fund<\/h2>\n\n<p>The Name Change Fund aims to cover the costs incurred for a name change due to the re-issuance of the student ID. The goal is to reduce the financial burden associated with a name change, especially for genderqueer individuals. All types of name changes that lead to a re-issuance of the student ID are supported.  <\/p>\n\n<p><a href=\"https:\/\/forms.htu.at\/namefonds\">Online Form<\/a><\/p>\n\n<h2 class=\"wp-block-heading\">HTU Project Funding<\/h2>\n\n<p>Individual funding for projects.<\/p>\n\n<p><a href=\"https:\/\/htu.at\/en\/project-funding\/\">Guidelines and Online Form<\/a><\/p>\n\n<p><\/p>\n\n<h2 class=\"wp-block-heading\">Additional Funding<\/h2>\n\n<p><a href=\"https:\/\/www.oeh.ac.at\/service\/foerdertoepfe\">\u00d6H Federal Representation Funding Programs<\/a><\/p>\n\n<p>Nominations for the <a href=\"https:\/\/www.oeh.ac.at\/service\/foerdertoepfe\/students-at-risk\/\">Students at Risk<\/a> Fund are handled by <a href=\"https:\/\/www.tuwien.at\/tu-wien\/organisation\/zentrale-bereiche\/international-relations-and-global-affairs\/international-welcome-and-engagement-center-iwec\/advising-services\">TU iWEC<\/a>.<\/p>\n\n<p><a href=\"https:\/\/grants.at\/de\">The Austrian Database for Scholarships and Research Funding<\/a><\/p>\n\n<p><a href=\"https:\/\/transparenzportal.gv.at\/tdb\/tp\/situation\/buerger\/bildung\/\">Transparency Portal for Funding in Austria<\/a><\/p>\n\n<p><\/p>\n","protected":false},"excerpt":{"rendered":"<p>Study Success Grant of TU Wien and HTU Wien All regular students at TU Wien can apply for financial assistance in emergencies and challenging situations (e.g., childcare). The Referat f\u00fcr Sozialpolitik (Buero for Social Affairs) of HTU handles this matter. (before H\u00e4rtefonds) Online Form | Guidelines | Contact Social Fund of the \u00d6H Bundesvertretung (Federal [&hellip;]<\/p>\n","protected":false},"featured_media":23613,"parent":0,"menu_order":0,"comment_status":"closed","ping_status":"closed","template":"","meta":{"_acf_changed":false,"_uag_custom_page_level_css":"","site-sidebar-layout":"default","site-content-layout":"","ast-site-content-layout":"default","site-content-style":"default","site-sidebar-style":"default","ast-global-header-display":"","ast-banner-title-visibility":"","ast-main-header-display":"","ast-hfb-above-header-display":"","ast-hfb-below-header-display":"","ast-hfb-mobile-header-display":"","site-post-title":"","ast-breadcrumbs-content":"","ast-featured-img":"","footer-sml-layout":"","ast-disable-related-posts":"","theme-transparent-header-meta":"","adv-header-id-meta":"","stick-header-meta":"","header-above-stick-meta":"","header-main-stick-meta":"","header-below-stick-meta":"","astra-migrate-meta-layouts":"default","ast-page-background-enabled":"default","ast-page-background-meta":{"desktop":{"background-color":"var(--ast-global-color-4)","background-image":"","background-repeat":"repeat","background-position":"center center","background-size":"auto","background-attachment":"scroll","background-type":"","background-media":"","overlay-type":"","overlay-color":"","overlay-opacity":"","overlay-gradient":""},"tablet":{"background-color":"","background-image":"","background-repeat":"repeat","background-position":"center center","background-size":"auto","background-attachment":"scroll","background-type":"","background-media":"","overlay-type":"","overlay-color":"","overlay-opacity":"","overlay-gradient":""},"mobile":{"background-color":"","background-image":"","background-repeat":"repeat","background-position":"center center","background-size":"auto","background-attachment":"scroll","background-type":"","background-media":"","overlay-type":"","overlay-color":"","overlay-opacity":"","overlay-gradient":""}},"ast-content-background-meta":{"desktop":{"background-color":"var(--ast-global-color-5)","background-image":"","background-repeat":"repeat","background-position":"center center","background-size":"auto","background-attachment":"scroll","background-type":"","background-media":"","overlay-type":"","overlay-color":"","overlay-opacity":"","overlay-gradient":""},"tablet":{"background-color":"var(--ast-global-color-5)","background-image":"","background-repeat":"repeat","background-position":"center center","background-size":"auto","background-attachment":"scroll","background-type":"","background-media":"","overlay-type":"","overlay-color":"","overlay-opacity":"","overlay-gradient":""},"mobile":{"background-color":"var(--ast-global-color-5)","background-image":"","background-repeat":"repeat","background-position":"center center","background-size":"auto","background-attachment":"scroll","background-type":"","background-media":"","overlay-type":"","overlay-color":"","overlay-opacity":"","overlay-gradient":""}},"_vp_format_video_url":"","_vp_image_focal_point":[],"footnotes":""},"class_list":["post-23455","page","type-page","status-publish","has-post-thumbnail","hentry"],"acf":[],"uagb_featured_image_src":{"full":["https:\/\/htu.at\/wp-content\/uploads\/sot4-mzhyhe.jpg",2400,1600,false],"thumbnail":["https:\/\/htu.at\/wp-content\/uploads\/sot4-mzhyhe-150x150.jpg",150,150,true],"medium":["https:\/\/htu.at\/wp-content\/uploads\/sot4-mzhyhe-1024x683.jpg",1024,683,true],"medium_large":["https:\/\/htu.at\/wp-content\/uploads\/sot4-mzhyhe-768x512.jpg",768,512,true],"large":["https:\/\/htu.at\/wp-content\/uploads\/sot4-mzhyhe-2048x1365.jpg",2048,1365,true],"1536x1536":["https:\/\/htu.at\/wp-content\/uploads\/sot4-mzhyhe-1536x1024.jpg",1536,1024,true],"2048x2048":["https:\/\/htu.at\/wp-content\/uploads\/sot4-mzhyhe-2048x1365.jpg",2048,1365,true],"vp_sm":["https:\/\/htu.at\/wp-content\/uploads\/sot4-mzhyhe.jpg",500,333,false],"vp_md":["https:\/\/htu.at\/wp-content\/uploads\/sot4-mzhyhe.jpg",800,533,false],"vp_lg":["https:\/\/htu.at\/wp-content\/uploads\/sot4-mzhyhe.jpg",1280,853,false],"vp_xl":["https:\/\/htu.at\/wp-content\/uploads\/sot4-mzhyhe.jpg",1920,1280,false],"vp_sm_popup":["https:\/\/htu.at\/wp-content\/uploads\/sot4-mzhyhe.jpg",500,333,false],"vp_md_popup":["https:\/\/htu.at\/wp-content\/uploads\/sot4-mzhyhe.jpg",800,533,false],"vp_xl_popup":["https:\/\/htu.at\/wp-content\/uploads\/sot4-mzhyhe.jpg",2400,1600,false]},"uagb_comment_info":0,"uagb_excerpt":"Study Success Grant of TU Wien and HTU Wien All regular students at TU Wien can apply for financial assistance in emergencies and challenging situations (e.g., childcare). The Referat f\u00fcr Sozialpolitik (Buero for Social Affairs) of HTU handles this matter. (before H\u00e4rtefonds) Online Form | Guidelines | Contact Social Fund of the \u00d6H Bundesvertretung (Federal&hellip;","_links":{"self":[{"href":"https:\/\/htu.at\/en\/wp-json\/wp\/v2\/pages\/23455","targetHints":{"allow":["GET"]}}],"collection":[{"href":"https:\/\/htu.at\/en\/wp-json\/wp\/v2\/pages"}],"about":[{"href":"https:\/\/htu.at\/en\/wp-json\/wp\/v2\/types\/page"}],"author":[{"embeddable":true,"href":"https:\/\/htu.at\/en\/wp-json\/wp\/v2\/users\/1"}],"replies":[{"embeddable":true,"href":"https:\/\/htu.at\/en\/wp-json\/wp\/v2\/comments?post=23455"}],"version-history":[{"count":6,"href":"https:\/\/htu.at\/en\/wp-json\/wp\/v2\/pages\/23455\/revisions"}],"predecessor-version":[{"id":27689,"href":"https:\/\/htu.at\/en\/wp-json\/wp\/v2\/pages\/23455\/revisions\/27689"}],"wp:featuredmedia":[{"embeddable":true,"href":"https:\/\/htu.at\/en\/wp-json\/wp\/v2\/media\/23613"}],"wp:attachment":[{"href":"https:\/\/htu.at\/en\/wp-json\/wp\/v2\/media?parent=23455"}],"curies":[{"name":"wp","href":"https:\/\/api.w.org\/{rel}","templated":true}]}}