{"id":23458,"date":"2024-09-16T16:31:15","date_gmt":"2024-09-16T14:31:15","guid":{"rendered":"https:\/\/htu.at\/group-adapted-technology\/"},"modified":"2025-12-09T15:38:13","modified_gmt":"2025-12-09T14:38:13","slug":"group-adapted-technology","status":"publish","type":"page","link":"https:\/\/htu.at\/en\/group-adapted-technology\/","title":{"rendered":"Group Adapted Technology"},"content":{"rendered":"\n<p>The Sustainability Unit works interdisciplinarily and across faculties to disseminate knowledge about the development of sustainable technologies and structures at TU Wien and addresses topics of appropriate technologies (GRAT = Group for Adapted Technology). Lectures, exercises, and practical courses are offered, along with the opportunity to write diploma and doctoral theses in this area, as well as comprehensive consultations for students and sustainable solutions for extremely environmentally destructive and energy-intensive industrial communities. <\/p>\n\n<p><a href=\"tel:+4315880149523\">+43 1 58801 49523<\/a><\/p>\n\n<p><a href=\"mailto:grat@htu.at\">grat@htu.at<\/a><\/p>\n\n<h3 class=\"wp-block-heading\"><strong>Office Hours<\/strong><\/h3>\n\n<p>Every Wednesday and Friday 10:30 AM to 11:30 AM<\/p>\n\n<p>Please register in advance at <a href=\"mailto:grat@htu.at\">grat@htu.at<\/a><\/p>\n\n<p><em>We offer <\/em>an online discussion on the topic <strong>&#8220;Sustainability in the Age of Climate Change&#8221;<\/strong>.<\/p>\n\n<p><strong><em>If interested, please register at jtaylor@htu.at<\/em><\/strong><\/p>\n\n<h2 class=\"wp-block-heading\"><strong>Distance Learning 2021<\/strong><\/h2>\n\n<p>Fundamentals of Appropriate Technology \/ Appropriate Technology and Development Technology<\/p>\n\n<p><strong>LECTURE AND EXERCISE (VO 311.066; UE 311.067) = 6 ECTS<\/strong><strong>, PRACTICAL COURSE \u2013 311.112 (6 ECTS)<\/strong><\/p>\n\n<p>(Riedijk W. \/Taylor K.) \u2013 English and German<\/p>\n\n<p>Dear Colleagues!<\/p>\n\n<p>You are hereby informed that preparation for the course \u201cFundamentals of Appropriate Technology\u201d via Distant learning is scheduled<\/p>\n\n<p>for <strong>Thursday, May 20, 2021, via Zoom at 2:00 PM<\/strong><\/p>\n\n<p>Block Distance learning begins from <strong>May 25 to June 26, 2021<\/strong><\/p>\n\n<p><a>Registration: <\/a><a href=\"mailto:kojo.taylor@tuwien.ac.at\">kojo.taylor@tuwien.ac.at<\/a>. The link for the Zoom meeting will be sent to you after registration.<\/p>\n\n<p>Phone: +43(0)699 158 801 50.<\/p>\n\n<p><strong>Course Content: <\/strong>The lectures provide basic knowledge about the concepts of Appropriate Technology and development technology as well as chances and challenges of sustainable development and social-ecological transformation leading to climate change, poverty and resource depletion. Concepts of Appropriate Technology in developing countries, North-South Dialogue and technology transfer, Skills and preparation for working in the field; Appropriate technology for low-resource settings; and Waste management. At the same time, experts from the field of science, technology and civil society offer specific practical know-how of sustainability in order to explain the significance and importance of Appropriate Technology in the profession of the graduate engineer.  <\/p>\n\n<p><strong>GERMAN<\/strong><\/p>\n\n<p>Liebe Kolleg\/innen<\/p>\n\n<p>Hiermit wird mitgeteilt, dass die Vorbesprechung f\u00fcr die Lehrveranstaltung \u201cAngepasste Technologie und Entwicklungstechnologie\u201c<\/p>\n\n<p>am Donnerstag, den 20. Mai, via Zoom um 14:00 stattfindet.<\/p>\n\n<p>Block Distance Learning von 25. to 26. Juni 2021<\/p>\n\n<p>Registration: <a href=\"mailto:kojo.taylor@tuwien.ac.at\">kojo.taylor@tuwien.ac.at<\/a>. After registration, the Zoom link will be sent.<\/p>\n\n<p>Telephone: +43(0)699 158 801 50.<\/p>\n\n<p>Lerninhalt: Die Vorlesung vermittelt Grundlagenwissen \u00fcber die Konzepte der Angepasste Technologie und Entwicklungstechnologie sowie Chancen und Herausforderungen nachhaltiger Entwicklung und sozial-\u00f6kologischer Transformation, i. e. Klimawandel, Armut und Ressourcenknappheit. Konzepte der AT in Entwicklungsl\u00e4ndern, Nord-S\u00fcd-Dialog und Technologietransfer; F\u00e4higkeiten und Vorbereitung auf technologische T\u00e4tigkeit vor Ort; Angemessene Technologie f\u00fcr geringe Ressourcen Settings; und Abfallwirtschaft. Gleichzeitig bieten Expert\/innen aus Wissenschaft, Technologie und Zivilgesellschaft praxisnahe Einblicke in spezifische Handlungsfelder der Nachhaltigkeit um die Bedeutung der Angepassten Technologie f\u00fcr die Berufspraxis des Diplom-Ingenieurs zu verdeutlichen.<br\/>Anmeldung: kojo.taylor@tuwien.ac.at, Nach Anmeldung wird den zoom Link \u00fcbermittelt.<br\/><br\/>mailto:kojo.taylor@tuwien.ac.at<br\/>Paragraph<br\/><br\/>Registration: kojo.taylor@tuwien.ac.at. After registration, the Zoom link will be sent.<br\/><br\/>Telephone: +43(0)699 158 801 50.<br\/><br\/><br\/>  <\/p>\n\n<p>=============================================================================================================<\/p>\n\n<p>Eine offene Diskussion (ZOOM) zum Thema<br\/><br\/>Grenzen und Chancen im Umweltschutz f\u00fcr eine Nachhaltige Entwicklungszusammenarbeit;<\/p>\n\n<p><strong>Donnerstag, 13. Mai, 16:00 bis 17:30<\/strong><\/p>\n\n<p>Nachhaltige Entwicklung bedingt einen sorgsamen Umgang mit Lebensgrundlagen. Die wirtschaftliche und soziale Entwicklung der Menschheit ging bisher allerdings mit einer weitgehend r\u00fccksichtslosen Ausbeutung der nat\u00fcrlichen Ressourcen einher. Ein stetige Diskurs und die konsequente Orientierung an den Bed\u00fcrfnissen des globalen S\u00fcdens und der Betroffenen ist daher notwendig f\u00fcr eine partnerschaftliche Zusammenarbeit.  <\/p>\n\n<p>Registration at: <a href=\"mailto:kojo.taylor@tuwien.ac.at\">kojo.taylor@tuwien.ac.at<\/a>. After registration, the Zoom link will be sent.<\/p>\n\n<p>Telephone: <a href=\"tel:+4369915880150\">+43(0)699 158 801 50<\/a><\/p>\n\n<p><\/p>\n","protected":false},"excerpt":{"rendered":"<p>The Sustainability Unit works interdisciplinarily and across faculties to disseminate knowledge about the development of sustainable technologies and structures at TU Wien and addresses topics of appropriate technologies (GRAT = Group for Adapted Technology). Lectures, exercises, and practical courses are offered, along with the opportunity to write diploma and doctoral theses in this area, as [&hellip;]<\/p>\n","protected":false},"featured_media":0,"parent":0,"menu_order":0,"comment_status":"closed","ping_status":"closed","template":"","meta":{"_acf_changed":false,"_uag_custom_page_level_css":"","site-sidebar-layout":"default","site-content-layout":"","ast-site-content-layout":"default","site-content-style":"default","site-sidebar-style":"default","ast-global-header-display":"","ast-banner-title-visibility":"","ast-main-header-display":"","ast-hfb-above-header-display":"","ast-hfb-below-header-display":"","ast-hfb-mobile-header-display":"","site-post-title":"","ast-breadcrumbs-content":"","ast-featured-img":"","footer-sml-layout":"","ast-disable-related-posts":"","theme-transparent-header-meta":"","adv-header-id-meta":"","stick-header-meta":"","header-above-stick-meta":"","header-main-stick-meta":"","header-below-stick-meta":"","astra-migrate-meta-layouts":"default","ast-page-background-enabled":"default","ast-page-background-meta":{"desktop":{"background-color":"var(--ast-global-color-4)","background-image":"","background-repeat":"repeat","background-position":"center center","background-size":"auto","background-attachment":"scroll","background-type":"","background-media":"","overlay-type":"","overlay-color":"","overlay-opacity":"","overlay-gradient":""},"tablet":{"background-color":"","background-image":"","background-repeat":"repeat","background-position":"center center","background-size":"auto","background-attachment":"scroll","background-type":"","background-media":"","overlay-type":"","overlay-color":"","overlay-opacity":"","overlay-gradient":""},"mobile":{"background-color":"","background-image":"","background-repeat":"repeat","background-position":"center center","background-size":"auto","background-attachment":"scroll","background-type":"","background-media":"","overlay-type":"","overlay-color":"","overlay-opacity":"","overlay-gradient":""}},"ast-content-background-meta":{"desktop":{"background-color":"var(--ast-global-color-5)","background-image":"","background-repeat":"repeat","background-position":"center center","background-size":"auto","background-attachment":"scroll","background-type":"","background-media":"","overlay-type":"","overlay-color":"","overlay-opacity":"","overlay-gradient":""},"tablet":{"background-color":"var(--ast-global-color-5)","background-image":"","background-repeat":"repeat","background-position":"center center","background-size":"auto","background-attachment":"scroll","background-type":"","background-media":"","overlay-type":"","overlay-color":"","overlay-opacity":"","overlay-gradient":""},"mobile":{"background-color":"var(--ast-global-color-5)","background-image":"","background-repeat":"repeat","background-position":"center center","background-size":"auto","background-attachment":"scroll","background-type":"","background-media":"","overlay-type":"","overlay-color":"","overlay-opacity":"","overlay-gradient":""}},"_vp_format_video_url":"","_vp_image_focal_point":[],"footnotes":""},"class_list":["post-23458","page","type-page","status-publish","hentry"],"acf":[],"uagb_featured_image_src":{"full":false,"thumbnail":false,"medium":false,"medium_large":false,"large":false,"1536x1536":false,"2048x2048":false,"vp_sm":false,"vp_md":false,"vp_lg":false,"vp_xl":false,"vp_sm_popup":false,"vp_md_popup":false,"vp_xl_popup":false},"uagb_comment_info":0,"uagb_excerpt":"The Sustainability Unit works interdisciplinarily and across faculties to disseminate knowledge about the development of sustainable technologies and structures at TU Wien and addresses topics of appropriate technologies (GRAT = Group for Adapted Technology). Lectures, exercises, and practical courses are offered, along with the opportunity to write diploma and doctoral theses in this area, as&hellip;","_links":{"self":[{"href":"https:\/\/htu.at\/en\/wp-json\/wp\/v2\/pages\/23458","targetHints":{"allow":["GET"]}}],"collection":[{"href":"https:\/\/htu.at\/en\/wp-json\/wp\/v2\/pages"}],"about":[{"href":"https:\/\/htu.at\/en\/wp-json\/wp\/v2\/types\/page"}],"author":[{"embeddable":true,"href":"https:\/\/htu.at\/en\/wp-json\/wp\/v2\/users\/1"}],"replies":[{"embeddable":true,"href":"https:\/\/htu.at\/en\/wp-json\/wp\/v2\/comments?post=23458"}],"version-history":[{"count":4,"href":"https:\/\/htu.at\/en\/wp-json\/wp\/v2\/pages\/23458\/revisions"}],"predecessor-version":[{"id":23578,"href":"https:\/\/htu.at\/en\/wp-json\/wp\/v2\/pages\/23458\/revisions\/23578"}],"wp:attachment":[{"href":"https:\/\/htu.at\/en\/wp-json\/wp\/v2\/media?parent=23458"}],"curies":[{"name":"wp","href":"https:\/\/api.w.org\/{rel}","templated":true}]}}